{"id":2,"date":"2010-12-10T21:50:35","date_gmt":"2010-12-10T21:50:35","guid":{"rendered":"https:\/\/agria.hu\/katastrofa\/?page_id=2"},"modified":"2010-12-13T09:58:46","modified_gmt":"2010-12-13T09:58:46","slug":"nevjegy","status":"publish","type":"page","link":"https:\/\/agria.hu\/katastrofa\/nevjegy\/","title":{"rendered":"kATAsTROFA"},"content":{"rendered":"<p>V\u00e9gy egy egyszer\u0171 l\u00e1nyt, adj hozz\u00e1 n\u00e9mi eg\u00e9szs\u00e9ges exhibicionizmust, egy kiskan\u00e1l hozz\u00e1nem\u00e9rt\u00e9st, egy csipet emp\u00e1ti\u00e1t, mixeld \u00f6ssze abszurd humorral \u00e9s egy vad\u00e1szf\u00e9rjjel majd vedd r\u00e1, hogy \u00edrjon blogot.<\/p>\n<p><a href=\"https:\/\/agria.hu\/katastrofa\/files\/2010\/12\/angyal.jpg\"><img loading=\"lazy\" decoding=\"async\" class=\"alignnone size-medium wp-image-11\" src=\"https:\/\/agria.hu\/katastrofa\/files\/2010\/12\/angyal-216x300.jpg\" alt=\"\" width=\"216\" height=\"300\" srcset=\"https:\/\/agria.hu\/katastrofa\/files\/2010\/12\/angyal-216x300.jpg 216w, https:\/\/agria.hu\/katastrofa\/files\/2010\/12\/angyal.jpg 462w\" sizes=\"auto, (max-width: 216px) 100vw, 216px\" \/><\/a><\/p>\n<div class=\"fblikebutton_button\" style=\"float: right; margin-left: 10px;\"><iframe src=\"http:\/\/www.facebook.com\/plugins\/like.php?href=https%3A%2F%2Fagria.hu%2Fkatastrofa%2Fnevjegy%2F&amp;layout=standard&amp;show-faces=true&amp;width=450&amp;action=like&amp;colorscheme=light\" scrolling=\"no\" frameborder=\"0\" allowTransparency=\"true\" style=\"border:none; overflow:hidden; width:450px; height:26px\"><\/iframe><\/div>\n","protected":false},"excerpt":{"rendered":"<p>V\u00e9gy egy egyszer\u0171 l\u00e1nyt, adj hozz\u00e1 n\u00e9mi eg\u00e9szs\u00e9ges exhibicionizmust, egy kiskan\u00e1l hozz\u00e1nem\u00e9rt\u00e9st, egy csipet emp\u00e1ti\u00e1t, mixeld \u00f6ssze abszurd humorral \u00e9s egy vad\u00e1szf\u00e9rjjel majd vedd r\u00e1, hogy \u00edrjon blogot.<\/p>\n","protected":false},"author":54,"featured_media":0,"parent":0,"menu_order":0,"comment_status":"open","ping_status":"open","template":"","meta":{"footnotes":""},"class_list":["post-2","page","type-page","status-publish","hentry"],"_links":{"self":[{"href":"https:\/\/agria.hu\/katastrofa\/wp-json\/wp\/v2\/pages\/2","targetHints":{"allow":["GET"]}}],"collection":[{"href":"https:\/\/agria.hu\/katastrofa\/wp-json\/wp\/v2\/pages"}],"about":[{"href":"https:\/\/agria.hu\/katastrofa\/wp-json\/wp\/v2\/types\/page"}],"author":[{"embeddable":true,"href":"https:\/\/agria.hu\/katastrofa\/wp-json\/wp\/v2\/users\/54"}],"replies":[{"embeddable":true,"href":"https:\/\/agria.hu\/katastrofa\/wp-json\/wp\/v2\/comments?post=2"}],"version-history":[{"count":3,"href":"https:\/\/agria.hu\/katastrofa\/wp-json\/wp\/v2\/pages\/2\/revisions"}],"predecessor-version":[{"id":13,"href":"https:\/\/agria.hu\/katastrofa\/wp-json\/wp\/v2\/pages\/2\/revisions\/13"}],"wp:attachment":[{"href":"https:\/\/agria.hu\/katastrofa\/wp-json\/wp\/v2\/media?parent=2"}],"curies":[{"name":"wp","href":"https:\/\/api.w.org\/{rel}","templated":true}]}}