{"id":2,"date":"2010-12-31T00:24:12","date_gmt":"2010-12-31T00:24:12","guid":{"rendered":"https:\/\/agria.hu\/ethnofil\/?page_id=2"},"modified":"2010-12-31T00:24:12","modified_gmt":"2010-12-31T00:24:12","slug":"nevjegy","status":"publish","type":"page","link":"https:\/\/agria.hu\/ethnofil\/nevjegy\/","title":{"rendered":"N\u00e9vjegy"},"content":{"rendered":"<div class=\"fblikebutton_button\" style=\"float: right; margin-left: 10px;\"><iframe src=\"http:\/\/www.facebook.com\/plugins\/like.php?href=https%3A%2F%2Fagria.hu%2Fethnofil%2Fnevjegy%2F&amp;layout=standard&amp;show-faces=false&amp;width=450&amp;action=recommend&amp;colorscheme=dark\" scrolling=\"no\" frameborder=\"0\" allowTransparency=\"true\" style=\"border:none; overflow:hidden; width:450px; height:26px\"><\/iframe><\/div>\n<p>Ez egy WordPress-mintaoldal, amelynek szerkeszt\u00e9s\u00e9vel k\u00fcl\u00f6nf\u00e9le inform\u00e1ci\u00f3kat lehet elhelyezni saj\u00e1t magunkr\u00f3l, a v\u00e1llalkoz\u00e1sunkr\u00f3l, vagy a honlap tartalm\u00e1r\u00f3l, hogy a l\u00e1togat\u00f3k tudhassanak t\u00f6bbet r\u00f3lunk.<br \/>A WordPress haszn\u00e1lat\u00e1val sz\u00e1mtalan hasonl\u00f3 (jellemz\u0151en statikus) oldalt hozhatunk l\u00e9tre, szervezhet\u00fcnk hierarchi\u00e1ba.<\/p>\n","protected":false},"excerpt":{"rendered":"<p>Ez egy WordPress-mintaoldal, amelynek szerkeszt\u00e9s\u00e9vel k\u00fcl\u00f6nf\u00e9le inform\u00e1ci\u00f3kat lehet elhelyezni saj\u00e1t magunkr\u00f3l, a v\u00e1llalkoz\u00e1sunkr\u00f3l, vagy a honlap tartalm\u00e1r\u00f3l, hogy a l\u00e1togat\u00f3k tudhassanak t\u00f6bbet r\u00f3lunk.A WordPress haszn\u00e1lat\u00e1val sz\u00e1mtalan hasonl\u00f3 (jellemz\u0151en statikus) oldalt hozhatunk l\u00e9tre, szervezhet\u00fcnk hierarchi\u00e1ba.<\/p>\n","protected":false},"author":60,"featured_media":0,"parent":0,"menu_order":0,"comment_status":"open","ping_status":"open","template":"","meta":{"footnotes":""},"class_list":["post-2","page","type-page","status-publish","hentry"],"_links":{"self":[{"href":"https:\/\/agria.hu\/ethnofil\/wp-json\/wp\/v2\/pages\/2","targetHints":{"allow":["GET"]}}],"collection":[{"href":"https:\/\/agria.hu\/ethnofil\/wp-json\/wp\/v2\/pages"}],"about":[{"href":"https:\/\/agria.hu\/ethnofil\/wp-json\/wp\/v2\/types\/page"}],"author":[{"embeddable":true,"href":"https:\/\/agria.hu\/ethnofil\/wp-json\/wp\/v2\/users\/60"}],"replies":[{"embeddable":true,"href":"https:\/\/agria.hu\/ethnofil\/wp-json\/wp\/v2\/comments?post=2"}],"version-history":[{"count":0,"href":"https:\/\/agria.hu\/ethnofil\/wp-json\/wp\/v2\/pages\/2\/revisions"}],"wp:attachment":[{"href":"https:\/\/agria.hu\/ethnofil\/wp-json\/wp\/v2\/media?parent=2"}],"curies":[{"name":"wp","href":"https:\/\/api.w.org\/{rel}","templated":true}]}}