{"id":2,"date":"2010-12-28T21:44:14","date_gmt":"2010-12-28T21:44:14","guid":{"rendered":"https:\/\/agria.hu\/bdioda\/?page_id=2"},"modified":"2011-01-19T16:18:51","modified_gmt":"2011-01-19T16:18:51","slug":"nevjegy","status":"publish","type":"page","link":"https:\/\/agria.hu\/bdioda\/nevjegy\/","title":{"rendered":"N\u00e9vjegy"},"content":{"rendered":"<div class=\"fblikebutton_button\" style=\"float: right; margin-left: 10px;\"><iframe src=\"http:\/\/www.facebook.com\/plugins\/like.php?href=https%3A%2F%2Fagria.hu%2Fbdioda%2Fnevjegy%2F&amp;layout=standard&amp;show-faces=false&amp;width=450&amp;action=recommend&amp;colorscheme=dark\" scrolling=\"no\" frameborder=\"0\" allowTransparency=\"true\" style=\"border:none; overflow:hidden; width:450px; height:26px\"><\/iframe><\/div>\n<p style=\"text-align: justify\">Sziasztok!<\/p>\n<p>Feles\u00e9g vagyok, k\u00e9tgyermekes anyuka, h\u00e1ziasszony, egy\u00e9bk\u00e9nt bomba n\u0151 &#8211; na j\u00f3, csak ezeknek a feladatoknak szeretn\u00e9k megfelelni. N\u00e9melyik szerepben eg\u00e9sz j\u00f3 vagyok m\u00e1r, m\u00e1sokon van mit dolgoznom \ud83d\ude42<\/p>\n<p style=\"text-align: justify\">Egerben \u00e9lek, jelenleg az anyuka szerep a f\u0151\u00e1ll\u00e1som. Blogol\u00e1sba az\u00e9rt kezdek, hogy megdolgoztassam az agytekerv\u00e9nyeimet \u00e9s ism\u00e9t r\u00e1szokjak az \u00f6sszetett mondatokban val\u00f3 kommunik\u00e1ci\u00f3ra&#8230;<\/p>\n<p style=\"text-align: justify\">A kisfiam 2 \u00e9ves, az \u00edr\u00e1saimban \u0151t a K\u00e9t\u00e9ves, vagy Kutyika n\u00e9ven eml\u00edtem (az ut\u00f3bbi egy\u00e9bk\u00e9nt is a beceneve, egyszer le\u00edrom, mi\u00e9rt). A l\u00e1nyom janu\u00e1rban \u00fcli az 1. sz\u00fclinapj\u00e1t, t\u00f6bbnyire Cucilinak sz\u00f3l\u00edtjuk. K\u00e9t g\u00e9zeng\u00faz, akik mellett nincsenek unalmas percek &#8211; ha m\u00e9gis, akkor sz\u00fcletnek az \u00edr\u00e1sok.<\/p>\n<p style=\"text-align: justify\">\u00dcdv.:<\/p>\n<p style=\"text-align: justify\">D.<\/p>\n","protected":false},"excerpt":{"rendered":"<p>Sziasztok! Feles\u00e9g vagyok, k\u00e9tgyermekes anyuka, h\u00e1ziasszony, egy\u00e9bk\u00e9nt bomba n\u0151 &#8211; na j\u00f3, csak ezeknek a feladatoknak szeretn\u00e9k megfelelni. N\u00e9melyik szerepben eg\u00e9sz j\u00f3 vagyok m\u00e1r, m\u00e1sokon van mit dolgoznom \ud83d\ude42 Egerben \u00e9lek, jelenleg az anyuka szerep a f\u0151\u00e1ll\u00e1som. Blogol\u00e1sba az\u00e9rt kezdek, &hellip; <a href=\"https:\/\/agria.hu\/bdioda\/nevjegy\/\">Egy kattint\u00e1s ide a folytat\u00e1shoz&#8230;. <span class=\"meta-nav\">&rarr;<\/span><\/a><\/p>\n","protected":false},"author":59,"featured_media":0,"parent":0,"menu_order":0,"comment_status":"open","ping_status":"open","template":"","meta":{"footnotes":""},"class_list":["post-2","page","type-page","status-publish","hentry"],"_links":{"self":[{"href":"https:\/\/agria.hu\/bdioda\/wp-json\/wp\/v2\/pages\/2","targetHints":{"allow":["GET"]}}],"collection":[{"href":"https:\/\/agria.hu\/bdioda\/wp-json\/wp\/v2\/pages"}],"about":[{"href":"https:\/\/agria.hu\/bdioda\/wp-json\/wp\/v2\/types\/page"}],"author":[{"embeddable":true,"href":"https:\/\/agria.hu\/bdioda\/wp-json\/wp\/v2\/users\/59"}],"replies":[{"embeddable":true,"href":"https:\/\/agria.hu\/bdioda\/wp-json\/wp\/v2\/comments?post=2"}],"version-history":[{"count":3,"href":"https:\/\/agria.hu\/bdioda\/wp-json\/wp\/v2\/pages\/2\/revisions"}],"predecessor-version":[{"id":18,"href":"https:\/\/agria.hu\/bdioda\/wp-json\/wp\/v2\/pages\/2\/revisions\/18"}],"wp:attachment":[{"href":"https:\/\/agria.hu\/bdioda\/wp-json\/wp\/v2\/media?parent=2"}],"curies":[{"name":"wp","href":"https:\/\/api.w.org\/{rel}","templated":true}]}}